{"id":18830,"date":"2025-01-13T13:10:53","date_gmt":"2025-01-13T12:10:53","guid":{"rendered":"https:\/\/www.paratureforma.com\/blog\/comment-planifier-une-renovation-reussie-de-la-salle-de-bains\/"},"modified":"2026-01-22T09:48:13","modified_gmt":"2026-01-22T08:48:13","slug":"comment-planifier-une-renovation-reussie-de-la-salle-de-bains","status":"publish","type":"page","link":"https:\/\/www.paratureforma.com\/blog\/fr\/comment-planifier-une-renovation-reussie-de-la-salle-de-bains\/","title":{"rendered":"Comment planifier une r\u00e9novation r\u00e9ussie de la salle de bains ?"},"content":{"rendered":"\t\t<div data-elementor-type=\"wp-page\" data-elementor-id=\"18830\" class=\"elementor elementor-18830 elementor-8388\" data-elementor-post-type=\"page\">\n\t\t\t\t\t\t\t\t\t<section class=\"elementor-section elementor-top-section elementor-element elementor-element-7bd9b05f elementor-section-boxed elementor-section-height-default elementor-section-height-default\" data-id=\"7bd9b05f\" data-element_type=\"section\">\n\t\t\t\t\t\t<div class=\"elementor-container elementor-column-gap-default\">\n\t\t\t\t\t<div class=\"elementor-column elementor-col-100 elementor-top-column elementor-element elementor-element-3cfdc251\" data-id=\"3cfdc251\" data-element_type=\"column\">\n\t\t\t<div class=\"elementor-widget-wrap elementor-element-populated\">\n\t\t\t\t\t\t\t\t<div class=\"elementor-element elementor-element-4555afd5 elementor-widget elementor-widget-text-editor\" data-id=\"4555afd5\" data-element_type=\"widget\" data-widget_type=\"text-editor.default\">\n\t\t\t\t<div class=\"elementor-widget-container\">\n\t\t\t<style>\/*! elementor - v3.16.0 - 17-10-2023 *\/\n.elementor-widget-text-editor.elementor-drop-cap-view-stacked .elementor-drop-cap{background-color:#69727d;color:#fff}.elementor-widget-text-editor.elementor-drop-cap-view-framed .elementor-drop-cap{color:#69727d;border:3px solid;background-color:transparent}.elementor-widget-text-editor:not(.elementor-drop-cap-view-default) .elementor-drop-cap{margin-top:8px}.elementor-widget-text-editor:not(.elementor-drop-cap-view-default) .elementor-drop-cap-letter{width:1em;height:1em}.elementor-widget-text-editor .elementor-drop-cap{float:left;text-align:center;line-height:1;font-size:50px}.elementor-widget-text-editor .elementor-drop-cap-letter{display:inline-block}<\/style>\t\t\t\t<p>Merci d&rsquo;avoir demand\u00e9 notre livre \u00e9lectronique sur <b>la planification d&rsquo;une r\u00e9novation r\u00e9ussie de la salle de bains<\/b>.<\/p><p>Nous sommes ravis de l&rsquo;int\u00e9r\u00eat que vous portez \u00e0 notre contenu et souhaitons que vous puissiez le lire le plus rapidement possible.<\/p>\t\t\t\t\t\t<\/div>\n\t\t\t\t<\/div>\n\t\t\t\t<div class=\"elementor-element elementor-element-3b6cba7e elementor-button-info elementor-align-center elementor-widget elementor-widget-button\" data-id=\"3b6cba7e\" data-element_type=\"widget\" data-widget_type=\"button.default\">\n\t\t\t\t<div class=\"elementor-widget-container\">\n\t\t\t\t\t<div class=\"elementor-button-wrapper\">\n\t\t\t<a class=\"elementor-button elementor-button-link elementor-size-xl\" href=\"https:\/\/www.paratureforma.com\/blog\/wp-content\/uploads\/2026\/01\/ebook-8_como_planificar_reforma_bano_existosa_FR_compressed-1.pdf\">\n\t\t\t\t\t\t<span class=\"elementor-button-content-wrapper\">\n\t\t\t\t\t\t<span class=\"elementor-button-text\">TELECHARGER EBOOK<\/span>\n\t\t<\/span>\n\t\t\t\t\t<\/a>\n\t\t<\/div>\n\t\t\t\t<\/div>\n\t\t\t\t<\/div>\n\t\t\t\t<div class=\"elementor-element elementor-element-2537360b elementor-widget elementor-widget-text-editor\" data-id=\"2537360b\" data-element_type=\"widget\" data-widget_type=\"text-editor.default\">\n\t\t\t\t<div class=\"elementor-widget-container\">\n\t\t\t\t\t\t\t<p>Que pouvez-vous faire d&rsquo;autre ?<\/p><ul><li>D\u00e9couvrez d&rsquo;autres articles de notre <a href=\"http:\/\/www.paratureforma.com\/blog\"><strong>blog<\/strong> <\/a>pour trouver d&rsquo;autres contenus int\u00e9ressants<\/li><li>Suivez-nous sur les m\u00e9dias sociaux pour vous tenir au courant de nos derni\u00e8res mises \u00e0 jour et de nos conseils.<\/li><\/ul><p>Si vous avez des questions ou si vous avez besoin d&rsquo;aide, n&rsquo;h\u00e9sitez pas \u00e0 nous contacter \u00e0 l&rsquo;adresse <strong><a href=\"mailto:contacto@paratureforma.com\">contacto@paratureforma.com<\/a><\/strong>.<\/p><p><strong>Nous esp\u00e9rons que vous appr\u00e9cierez l&rsquo;ebook et que vous continuerez \u00e0 visiter notre site !<\/strong><\/p>\t\t\t\t\t\t<\/div>\n\t\t\t\t<\/div>\n\t\t\t\t\t<\/div>\n\t\t<\/div>\n\t\t\t\t\t\t\t<\/div>\n\t\t<\/section>\n\t\t\t\t\t\t\t<\/div>\n\t\t","protected":false},"excerpt":{"rendered":"<p>Merci d&rsquo;avoir demand\u00e9 notre livre \u00e9lectronique sur la planification d&rsquo;une r\u00e9novation r\u00e9ussie de la salle de bains. Nous sommes ravis de l&rsquo;int\u00e9r\u00eat que vous portez \u00e0 notre contenu et souhaitons que vous puissiez le lire le plus rapidement possible. TELECHARGER EBOOK Que pouvez-vous faire d&rsquo;autre ? D\u00e9couvrez d&rsquo;autres articles de notre blog pour trouver d&rsquo;autres &#8230; <a title=\"Comment planifier une r\u00e9novation r\u00e9ussie de la salle de bains ?\" class=\"read-more\" href=\"https:\/\/www.paratureforma.com\/blog\/fr\/comment-planifier-une-renovation-reussie-de-la-salle-de-bains\/\" aria-label=\"More on Comment planifier une r\u00e9novation r\u00e9ussie de la salle de bains ?\">Read more<\/a><\/p>\n","protected":false},"author":14,"featured_media":0,"parent":0,"menu_order":0,"comment_status":"closed","ping_status":"closed","template":"","meta":{"footnotes":""},"class_list":["post-18830","page","type-page","status-publish"],"jetpack_sharing_enabled":true,"_links":{"self":[{"href":"https:\/\/www.paratureforma.com\/blog\/fr\/wp-json\/wp\/v2\/pages\/18830","targetHints":{"allow":["GET"]}}],"collection":[{"href":"https:\/\/www.paratureforma.com\/blog\/fr\/wp-json\/wp\/v2\/pages"}],"about":[{"href":"https:\/\/www.paratureforma.com\/blog\/fr\/wp-json\/wp\/v2\/types\/page"}],"author":[{"embeddable":true,"href":"https:\/\/www.paratureforma.com\/blog\/fr\/wp-json\/wp\/v2\/users\/14"}],"replies":[{"embeddable":true,"href":"https:\/\/www.paratureforma.com\/blog\/fr\/wp-json\/wp\/v2\/comments?post=18830"}],"version-history":[{"count":4,"href":"https:\/\/www.paratureforma.com\/blog\/fr\/wp-json\/wp\/v2\/pages\/18830\/revisions"}],"predecessor-version":[{"id":25711,"href":"https:\/\/www.paratureforma.com\/blog\/fr\/wp-json\/wp\/v2\/pages\/18830\/revisions\/25711"}],"wp:attachment":[{"href":"https:\/\/www.paratureforma.com\/blog\/fr\/wp-json\/wp\/v2\/media?parent=18830"}],"curies":[{"name":"wp","href":"https:\/\/api.w.org\/{rel}","templated":true}]}}