{"id":18823,"date":"2025-01-13T13:10:53","date_gmt":"2025-01-13T12:10:53","guid":{"rendered":"https:\/\/www.paratureforma.com\/blog\/como-planear-uma-remodelacao-bem-sucedida-da-casa-de-banho\/"},"modified":"2025-04-02T10:35:09","modified_gmt":"2025-04-02T08:35:09","slug":"como-planear-uma-remodelacao-bem-sucedida-da-casa-de-banho","status":"publish","type":"page","link":"https:\/\/www.paratureforma.com\/blog\/pt-pt\/como-planear-uma-remodelacao-bem-sucedida-da-casa-de-banho\/","title":{"rendered":"Como planear uma remodela\u00e7\u00e3o bem sucedida da casa de banho"},"content":{"rendered":"\t\t<div data-elementor-type=\"wp-page\" data-elementor-id=\"18823\" class=\"elementor elementor-18823 elementor-8388\" data-elementor-post-type=\"page\">\n\t\t\t\t\t\t\t\t\t<section class=\"elementor-section elementor-top-section elementor-element elementor-element-7bd9b05f elementor-section-boxed elementor-section-height-default elementor-section-height-default\" data-id=\"7bd9b05f\" data-element_type=\"section\">\n\t\t\t\t\t\t<div class=\"elementor-container elementor-column-gap-default\">\n\t\t\t\t\t<div class=\"elementor-column elementor-col-100 elementor-top-column elementor-element elementor-element-3cfdc251\" data-id=\"3cfdc251\" data-element_type=\"column\">\n\t\t\t<div class=\"elementor-widget-wrap elementor-element-populated\">\n\t\t\t\t\t\t\t\t<div class=\"elementor-element elementor-element-4555afd5 elementor-widget elementor-widget-text-editor\" data-id=\"4555afd5\" data-element_type=\"widget\" data-widget_type=\"text-editor.default\">\n\t\t\t\t<div class=\"elementor-widget-container\">\n\t\t\t<style>\/*! elementor - v3.16.0 - 17-10-2023 *\/\n.elementor-widget-text-editor.elementor-drop-cap-view-stacked .elementor-drop-cap{background-color:#69727d;color:#fff}.elementor-widget-text-editor.elementor-drop-cap-view-framed .elementor-drop-cap{color:#69727d;border:3px solid;background-color:transparent}.elementor-widget-text-editor:not(.elementor-drop-cap-view-default) .elementor-drop-cap{margin-top:8px}.elementor-widget-text-editor:not(.elementor-drop-cap-view-default) .elementor-drop-cap-letter{width:1em;height:1em}.elementor-widget-text-editor .elementor-drop-cap{float:left;text-align:center;line-height:1;font-size:50px}.elementor-widget-text-editor .elementor-drop-cap-letter{display:inline-block}<\/style>\t\t\t\t<p>Obrigado por solicitar o nosso Ebook sobre <b>Como planear uma renova\u00e7\u00e3o bem sucedida da casa de banho<\/b>.<\/p><p>Estamos muito satisfeitos por estar interessado no nosso conte\u00fado e queremos que desfrute da sua leitura o mais rapidamente poss\u00edvel.<\/p>\t\t\t\t\t\t<\/div>\n\t\t\t\t<\/div>\n\t\t\t\t<div class=\"elementor-element elementor-element-3b6cba7e elementor-button-info elementor-align-center elementor-widget elementor-widget-button\" data-id=\"3b6cba7e\" data-element_type=\"widget\" data-widget_type=\"button.default\">\n\t\t\t\t<div class=\"elementor-widget-container\">\n\t\t\t\t\t<div class=\"elementor-button-wrapper\">\n\t\t\t<a class=\"elementor-button elementor-button-link elementor-size-xl\" href=\"https:\/\/www.paratureforma.com\/blog\/wp-content\/uploads\/2025\/04\/ebook_Como_planejar_uma_reforma_bem-sucedida_do_banheiro.pdf\">\n\t\t\t\t\t\t<span class=\"elementor-button-content-wrapper\">\n\t\t\t\t\t\t<span class=\"elementor-button-text\">DESCARREGAR O EBOOK<\/span>\n\t\t<\/span>\n\t\t\t\t\t<\/a>\n\t\t<\/div>\n\t\t\t\t<\/div>\n\t\t\t\t<\/div>\n\t\t\t\t<div class=\"elementor-element elementor-element-2537360b elementor-widget elementor-widget-text-editor\" data-id=\"2537360b\" data-element_type=\"widget\" data-widget_type=\"text-editor.default\">\n\t\t\t\t<div class=\"elementor-widget-container\">\n\t\t\t\t\t\t\t<p>Que mais se pode fazer?<\/p><ul><li>Explore outros artigos do nosso <a href=\"http:\/\/www.paratureforma.com\/blog\"><strong>blogue<\/strong> <\/a>para encontrar mais conte\u00fados interessantes<\/li><li>Siga-nos nas redes sociais para se manter a par das nossas \u00faltimas actualiza\u00e7\u00f5es e dicas.<\/li><\/ul><p>Se tiver d\u00favidas ou precisar de assist\u00eancia, n\u00e3o hesite em contactar-nos atrav\u00e9s do <strong><a href=\"mailto:contacto@paratureforma.com\">endere\u00e7o contacto@paratureforma.com.<\/a><\/strong><\/p><p><strong>Esperamos que goste do livro eletr\u00f3nico e que continue a visitar o nosso s\u00edtio!<\/strong><\/p>\t\t\t\t\t\t<\/div>\n\t\t\t\t<\/div>\n\t\t\t\t\t<\/div>\n\t\t<\/div>\n\t\t\t\t\t\t\t<\/div>\n\t\t<\/section>\n\t\t\t\t\t\t\t<\/div>\n\t\t","protected":false},"excerpt":{"rendered":"<p>Obrigado por solicitar o nosso Ebook sobre Como planear uma renova\u00e7\u00e3o bem sucedida da casa de banho. Estamos muito satisfeitos por estar interessado no nosso conte\u00fado e queremos que desfrute da sua leitura o mais rapidamente poss\u00edvel. DESCARREGAR O EBOOK Que mais se pode fazer? Explore outros artigos do nosso blogue para encontrar mais conte\u00fados &#8230; <a title=\"Como planear uma remodela\u00e7\u00e3o bem sucedida da casa de banho\" class=\"read-more\" href=\"https:\/\/www.paratureforma.com\/blog\/pt-pt\/como-planear-uma-remodelacao-bem-sucedida-da-casa-de-banho\/\" aria-label=\"More on Como planear uma remodela\u00e7\u00e3o bem sucedida da casa de banho\">Read more<\/a><\/p>\n","protected":false},"author":14,"featured_media":0,"parent":0,"menu_order":0,"comment_status":"closed","ping_status":"closed","template":"","meta":{"footnotes":""},"class_list":["post-18823","page","type-page","status-publish"],"jetpack_sharing_enabled":true,"_links":{"self":[{"href":"https:\/\/www.paratureforma.com\/blog\/pt-pt\/wp-json\/wp\/v2\/pages\/18823","targetHints":{"allow":["GET"]}}],"collection":[{"href":"https:\/\/www.paratureforma.com\/blog\/pt-pt\/wp-json\/wp\/v2\/pages"}],"about":[{"href":"https:\/\/www.paratureforma.com\/blog\/pt-pt\/wp-json\/wp\/v2\/types\/page"}],"author":[{"embeddable":true,"href":"https:\/\/www.paratureforma.com\/blog\/pt-pt\/wp-json\/wp\/v2\/users\/14"}],"replies":[{"embeddable":true,"href":"https:\/\/www.paratureforma.com\/blog\/pt-pt\/wp-json\/wp\/v2\/comments?post=18823"}],"version-history":[{"count":5,"href":"https:\/\/www.paratureforma.com\/blog\/pt-pt\/wp-json\/wp\/v2\/pages\/18823\/revisions"}],"predecessor-version":[{"id":21225,"href":"https:\/\/www.paratureforma.com\/blog\/pt-pt\/wp-json\/wp\/v2\/pages\/18823\/revisions\/21225"}],"wp:attachment":[{"href":"https:\/\/www.paratureforma.com\/blog\/pt-pt\/wp-json\/wp\/v2\/media?parent=18823"}],"curies":[{"name":"wp","href":"https:\/\/api.w.org\/{rel}","templated":true}]}}