{"id":8388,"date":"2025-01-13T13:10:53","date_gmt":"2025-01-13T12:10:53","guid":{"rendered":"https:\/\/www.paratureforma.com\/blog\/?page_id=8388"},"modified":"2026-01-09T09:24:08","modified_gmt":"2026-01-09T08:24:08","slug":"como-planificar-una-reforma-de-bano-exitosa","status":"publish","type":"page","link":"https:\/\/www.paratureforma.com\/blog\/como-planificar-una-reforma-de-bano-exitosa\/","title":{"rendered":"Como planificar una Reforma De Ba\u00f1o Exitosa"},"content":{"rendered":"\t\t<div data-elementor-type=\"wp-page\" data-elementor-id=\"8388\" class=\"elementor elementor-8388\" data-elementor-post-type=\"page\">\n\t\t\t\t\t\t\t\t\t<section class=\"elementor-section elementor-top-section elementor-element elementor-element-7bd9b05f elementor-section-boxed elementor-section-height-default elementor-section-height-default\" data-id=\"7bd9b05f\" data-element_type=\"section\">\n\t\t\t\t\t\t<div class=\"elementor-container elementor-column-gap-default\">\n\t\t\t\t\t<div class=\"elementor-column elementor-col-100 elementor-top-column elementor-element elementor-element-3cfdc251\" data-id=\"3cfdc251\" data-element_type=\"column\">\n\t\t\t<div class=\"elementor-widget-wrap elementor-element-populated\">\n\t\t\t\t\t\t\t\t<div class=\"elementor-element elementor-element-4555afd5 elementor-widget elementor-widget-text-editor\" data-id=\"4555afd5\" data-element_type=\"widget\" data-widget_type=\"text-editor.default\">\n\t\t\t\t<div class=\"elementor-widget-container\">\n\t\t\t<style>\/*! elementor - v3.16.0 - 17-10-2023 *\/\n.elementor-widget-text-editor.elementor-drop-cap-view-stacked .elementor-drop-cap{background-color:#69727d;color:#fff}.elementor-widget-text-editor.elementor-drop-cap-view-framed .elementor-drop-cap{color:#69727d;border:3px solid;background-color:transparent}.elementor-widget-text-editor:not(.elementor-drop-cap-view-default) .elementor-drop-cap{margin-top:8px}.elementor-widget-text-editor:not(.elementor-drop-cap-view-default) .elementor-drop-cap-letter{width:1em;height:1em}.elementor-widget-text-editor .elementor-drop-cap{float:left;text-align:center;line-height:1;font-size:50px}.elementor-widget-text-editor .elementor-drop-cap-letter{display:inline-block}<\/style>\t\t\t\t<p>Gracias por solicitar nuestro Ebook sobre <b>Como Planificar Una Reforma De Ba\u00f1o Exitosa<\/b><\/p><p>Estamos encantados de que est\u00e9s interesado en nuestro contenido y queremos que disfrutes de tu lectura cuanto antes.<\/p>\t\t\t\t\t\t<\/div>\n\t\t\t\t<\/div>\n\t\t\t\t<div class=\"elementor-element elementor-element-3b6cba7e elementor-button-info elementor-align-center elementor-widget elementor-widget-button\" data-id=\"3b6cba7e\" data-element_type=\"widget\" data-widget_type=\"button.default\">\n\t\t\t\t<div class=\"elementor-widget-container\">\n\t\t\t\t\t<div class=\"elementor-button-wrapper\">\n\t\t\t<a class=\"elementor-button elementor-button-link elementor-size-xl\" href=\"https:\/\/www.paratureforma.com\/blog\/wp-content\/uploads\/2026\/01\/Como_Planificar_Reforma_Bano_Exitosa.pdf\">\n\t\t\t\t\t\t<span class=\"elementor-button-content-wrapper\">\n\t\t\t\t\t\t<span class=\"elementor-button-text\">DESCARGAR EBOOK<\/span>\n\t\t<\/span>\n\t\t\t\t\t<\/a>\n\t\t<\/div>\n\t\t\t\t<\/div>\n\t\t\t\t<\/div>\n\t\t\t\t<div class=\"elementor-element elementor-element-2537360b elementor-widget elementor-widget-text-editor\" data-id=\"2537360b\" data-element_type=\"widget\" data-widget_type=\"text-editor.default\">\n\t\t\t\t<div class=\"elementor-widget-container\">\n\t\t\t\t\t\t\t<p>\u00bfQu\u00e9 m\u00e1s puedes hacer?<\/p><ul><li>Explora otros art\u00edculos de nuestro <a href=\"http:\/\/www.paratureforma.com\/blog\"><strong>blog<\/strong> <\/a>para encontrar m\u00e1s contenido interesante<\/li><li>S\u00edguenos en redes sociales para estar al tanto de nuestras \u00faltimas actualizaciones y consejos.<\/li><\/ul><p>Si tienes alguna pregunta o necesitas ayuda, no dudes en ponerte en contacto con nosotros en <strong><a href=\"mailto:contacto@paratureforma.com\">contacto@paratureforma.com<\/a>.<\/strong><\/p><p><strong>\u00a1Esperamos que disfrutes del ebook y sigas visitando nuestro sitio!<\/strong><\/p>\t\t\t\t\t\t<\/div>\n\t\t\t\t<\/div>\n\t\t\t\t\t<\/div>\n\t\t<\/div>\n\t\t\t\t\t\t\t<\/div>\n\t\t<\/section>\n\t\t\t\t\t\t\t<\/div>\n\t\t","protected":false},"excerpt":{"rendered":"<p>Gracias por solicitar nuestro Ebook sobre Como Planificar Una Reforma De Ba\u00f1o Exitosa Estamos encantados de que est\u00e9s interesado en nuestro contenido y queremos que disfrutes de tu lectura cuanto antes. DESCARGAR EBOOK \u00bfQu\u00e9 m\u00e1s puedes hacer? Explora otros art\u00edculos de nuestro blog para encontrar m\u00e1s contenido interesante S\u00edguenos en redes sociales para estar al &#8230; <a title=\"Como planificar una Reforma De Ba\u00f1o Exitosa\" class=\"read-more\" href=\"https:\/\/www.paratureforma.com\/blog\/como-planificar-una-reforma-de-bano-exitosa\/\" aria-label=\"M\u00e1s en Como planificar una Reforma De Ba\u00f1o Exitosa\">Leer m\u00e1s<\/a><\/p>\n","protected":false},"author":14,"featured_media":0,"parent":0,"menu_order":0,"comment_status":"closed","ping_status":"closed","template":"","meta":{"footnotes":""},"class_list":["post-8388","page","type-page","status-publish"],"jetpack_sharing_enabled":true,"_links":{"self":[{"href":"https:\/\/www.paratureforma.com\/blog\/wp-json\/wp\/v2\/pages\/8388","targetHints":{"allow":["GET"]}}],"collection":[{"href":"https:\/\/www.paratureforma.com\/blog\/wp-json\/wp\/v2\/pages"}],"about":[{"href":"https:\/\/www.paratureforma.com\/blog\/wp-json\/wp\/v2\/types\/page"}],"author":[{"embeddable":true,"href":"https:\/\/www.paratureforma.com\/blog\/wp-json\/wp\/v2\/users\/14"}],"replies":[{"embeddable":true,"href":"https:\/\/www.paratureforma.com\/blog\/wp-json\/wp\/v2\/comments?post=8388"}],"version-history":[{"count":10,"href":"https:\/\/www.paratureforma.com\/blog\/wp-json\/wp\/v2\/pages\/8388\/revisions"}],"predecessor-version":[{"id":25425,"href":"https:\/\/www.paratureforma.com\/blog\/wp-json\/wp\/v2\/pages\/8388\/revisions\/25425"}],"wp:attachment":[{"href":"https:\/\/www.paratureforma.com\/blog\/wp-json\/wp\/v2\/media?parent=8388"}],"curies":[{"name":"wp","href":"https:\/\/api.w.org\/{rel}","templated":true}]}}